{"id":37,"date":"2024-07-30T12:55:06","date_gmt":"2024-07-30T10:55:06","guid":{"rendered":"https:\/\/unitedouleur.com\/index.php\/home\/"},"modified":"2026-03-23T20:29:40","modified_gmt":"2026-03-23T19:29:40","slug":"home","status":"publish","type":"page","link":"https:\/\/unitedouleur.com\/","title":{"rendered":"\/\/home\/\/"},"content":{"rendered":"\n<h2 class=\"wp-block-heading\">\/\/find us\/\/<\/h2>\n\n\n\n<div class=\"wp-block-group is-nowrap is-layout-flex wp-container-core-group-is-layout-ad2f72ca wp-block-group-is-layout-flex\">\n<hr class=\"wp-block-separator has-alpha-channel-opacity is-style-wide\"\/>\n\n\n\n<div class=\"wp-block-group is-nowrap is-layout-flex wp-container-core-group-is-layout-ad2f72ca wp-block-group-is-layout-flex\">\n<figure class=\"wp-block-image size-full is-resized\"><a href=\"https:\/\/www.youtube.com\/@Unit\u00e9Douleur\" target=\"_blank\" rel=\" noreferrer noopener\"><img loading=\"lazy\" decoding=\"async\" width=\"512\" height=\"512\" src=\"https:\/\/unitedouleur.com\/wp-content\/uploads\/2025\/11\/icon-youtube.png\" alt=\"\" class=\"wp-image-184\" style=\"width:64px;height:auto\" srcset=\"https:\/\/unitedouleur.com\/wp-content\/uploads\/2025\/11\/icon-youtube.png 512w, https:\/\/unitedouleur.com\/wp-content\/uploads\/2025\/11\/icon-youtube-300x300.png 300w, https:\/\/unitedouleur.com\/wp-content\/uploads\/2025\/11\/icon-youtube-150x150.png 150w, https:\/\/unitedouleur.com\/wp-content\/uploads\/2025\/11\/icon-youtube-100x100.png 100w\" sizes=\"auto, (max-width: 512px) 100vw, 512px\" \/><\/a><\/figure>\n\n\n\n<hr class=\"wp-block-separator has-alpha-channel-opacity is-style-default\"\/>\n\n\n\n<figure class=\"wp-block-image size-full is-resized\"><a href=\"https:\/\/unitedouleur.bandcamp.com\" target=\"_blank\" rel=\" noreferrer noopener\"><img loading=\"lazy\" decoding=\"async\" width=\"512\" height=\"512\" src=\"https:\/\/unitedouleur.com\/wp-content\/uploads\/2025\/11\/icon-bandcamp.png\" alt=\"\" class=\"wp-image-181\" style=\"width:64px\" srcset=\"https:\/\/unitedouleur.com\/wp-content\/uploads\/2025\/11\/icon-bandcamp.png 512w, https:\/\/unitedouleur.com\/wp-content\/uploads\/2025\/11\/icon-bandcamp-300x300.png 300w, https:\/\/unitedouleur.com\/wp-content\/uploads\/2025\/11\/icon-bandcamp-150x150.png 150w, https:\/\/unitedouleur.com\/wp-content\/uploads\/2025\/11\/icon-bandcamp-100x100.png 100w\" sizes=\"auto, (max-width: 512px) 100vw, 512px\" \/><\/a><\/figure>\n\n\n\n<hr class=\"wp-block-separator has-alpha-channel-opacity\"\/>\n\n\n\n<figure class=\"wp-block-image size-full is-resized\"><a href=\"https:\/\/www.instagram.com\/unitedouleur\" target=\"_blank\" rel=\" noreferrer noopener\"><img loading=\"lazy\" decoding=\"async\" width=\"512\" height=\"512\" src=\"https:\/\/unitedouleur.com\/wp-content\/uploads\/2025\/11\/icon-instagram.png\" alt=\"\" class=\"wp-image-183\" style=\"width:64px\" srcset=\"https:\/\/unitedouleur.com\/wp-content\/uploads\/2025\/11\/icon-instagram.png 512w, https:\/\/unitedouleur.com\/wp-content\/uploads\/2025\/11\/icon-instagram-300x300.png 300w, https:\/\/unitedouleur.com\/wp-content\/uploads\/2025\/11\/icon-instagram-150x150.png 150w, https:\/\/unitedouleur.com\/wp-content\/uploads\/2025\/11\/icon-instagram-100x100.png 100w\" sizes=\"auto, (max-width: 512px) 100vw, 512px\" \/><\/a><\/figure>\n\n\n\n<hr class=\"wp-block-separator has-alpha-channel-opacity\"\/>\n\n\n\n<figure class=\"wp-block-image size-full is-resized\"><a href=\"https:\/\/www.facebook.com\/unitedouleur\" target=\"_blank\" rel=\" noreferrer noopener\"><img loading=\"lazy\" decoding=\"async\" width=\"512\" height=\"512\" src=\"https:\/\/unitedouleur.com\/wp-content\/uploads\/2025\/11\/icon-facebook.png\" alt=\"\" class=\"wp-image-182\" style=\"width:64px\" srcset=\"https:\/\/unitedouleur.com\/wp-content\/uploads\/2025\/11\/icon-facebook.png 512w, https:\/\/unitedouleur.com\/wp-content\/uploads\/2025\/11\/icon-facebook-300x300.png 300w, https:\/\/unitedouleur.com\/wp-content\/uploads\/2025\/11\/icon-facebook-150x150.png 150w, https:\/\/unitedouleur.com\/wp-content\/uploads\/2025\/11\/icon-facebook-100x100.png 100w\" sizes=\"auto, (max-width: 512px) 100vw, 512px\" \/><\/a><\/figure>\n<\/div>\n\n\n\n<hr class=\"wp-block-separator has-alpha-channel-opacity is-style-wide\"\/>\n<\/div>\n\n\n\n<h2 class=\"wp-block-heading\">\/\/liquid stone music video\/\/<\/h2>\n\n\n\n<figure class=\"wp-block-embed is-type-video is-provider-youtube wp-block-embed-youtube wp-embed-aspect-16-9 wp-has-aspect-ratio\"><div class=\"wp-block-embed__wrapper\">\n<iframe loading=\"lazy\" title=\"Unit\u00e9 Douleur - Liquid Stone (atmospheric alternative metal)\" width=\"525\" height=\"295\" src=\"https:\/\/www.youtube.com\/embed\/chaal4G2YSQ?feature=oembed\" frameborder=\"0\" allow=\"accelerometer; autoplay; clipboard-write; encrypted-media; gyroscope; picture-in-picture; web-share\" referrerpolicy=\"strict-origin-when-cross-origin\" allowfullscreen><\/iframe>\n<\/div><\/figure>\n\n\n\n<h2 class=\"wp-block-heading\">\/\/pollen haze\/\/<\/h2>\n\n\n\n<iframe style=\"border: 0; width: 600px; height: 780px;\" src=\"https:\/\/bandcamp.com\/EmbeddedPlayer\/album=2082038461\/size=large\/bgcol=ffffff\/linkcol=2ebd35\/transparent=true\/\" seamless><a href=\"https:\/\/unitedouleur.bandcamp.com\/album\/pollen-haze\">Pollen Haze by Unit\u00e9 Douleur<\/a><\/iframe>\n\n\n\n<h2 class=\"wp-block-heading\">\/\/below zero\/\/<\/h2>\n\n\n\n<iframe style=\"border: 0; width: 600px; height: 780px;\" src=\"https:\/\/bandcamp.com\/EmbeddedPlayer\/album=3494324361\/size=large\/bgcol=ffffff\/linkcol=0687f5\/transparent=true\/\" seamless><a href=\"https:\/\/unitedouleur.bandcamp.com\/album\/below-zero\">Below Zero by Unit\u00e9 Douleur<\/a><\/iframe>\n\n\n\n<h2 class=\"wp-block-heading\">\/\/bio\/\/<\/h2>\n\n\n\n<div class=\"wp-block-group is-nowrap is-layout-flex wp-container-core-group-is-layout-ad2f72ca wp-block-group-is-layout-flex\">\n<div class=\"wp-block-columns is-layout-flex wp-container-core-columns-is-layout-9d6595d7 wp-block-columns-is-layout-flex\">\n<div class=\"wp-block-column is-layout-flow wp-block-column-is-layout-flow\">\n<p>[fr]<\/p>\n\n\n\n<p>Bas\u00e9 \u00e0 Caen, en France, <strong>Unit\u00e9 Douleur<\/strong> voit le jour en novembre 2024 lorsque le chanteur\/guitariste <em>Dino Van Bedt<\/em> s\u2019entoure du bassiste <em>PA Grenier<\/em>, du guitariste <em>JF Hamel<\/em> et de la batteuse <em>Louise Niez<\/em>.<\/p>\n\n\n\n<p>Port\u00e9e par des influences vari\u00e9es telles que Deftones, Neurosis ou encore The Cure, leur musique m\u00eale des m\u00e9lodies charg\u00e9es d\u2019\u00e9motion \u00e0 des structures rythmiques riches, laissant filtrer une lueur \u00e0 travers les murs de guitares satur\u00e9es. <strong>Unit\u00e9 Douleur<\/strong> fusionne la pesanteur du post-metal avec des textures shoegaze pour cr\u00e9er un son intense, lourd et m\u00e9lancolique, tout en conservant l\u2019ossature du rock alternatif.<\/p>\n\n\n\n<p>Les textes de Dino sont profond\u00e9ment personnels et directement issus de ses exp\u00e9riences (plus ou moins dig\u00e9r\u00e9es). La douleur, l\u2019espoir et la gu\u00e9rison y sont explor\u00e9s \u00e0 travers chaque morceau, comme autant d\u2019\u00e9chelons vers la reconstruction de soi.<\/p>\n\n\n\n<p>Apr\u00e8s un premier EP (&#8220;<strong><em>Below Zero<\/em><\/strong>&#8220;) sorti en novembre 2025, <strong>Unit\u00e9 Douleur<\/strong> d\u00e9voile aujourd\u2019hui son successeur, &#8220;<strong><em>Pollen Haze<\/em><\/strong>&#8220;, \u00e0 l\u2019occasion de l\u2019\u00e9quinoxe de printemps.<\/p>\n<\/div>\n\n\n\n<div class=\"wp-block-column is-layout-flow wp-block-column-is-layout-flow\">\n<p>[eng]<\/p>\n\n\n\n<p>Based in Caen, France <strong>Unit\u00e9 Douleur<\/strong> started in November 2024 when singer\/guitarist <em>Dino Van Bedt<\/em> gathered around him bassist <em>PA Grenier<\/em>, guitarist <em>JF Hamel<\/em> and drummer <em>Louise Niez<\/em>.<\/p>\n\n\n\n<p>With varied musical influences such as Deftones, Neurosis or even The Cure, their music combines emotional melodies and rich rythmic structures to let some light shine through the walls of distorted guitars. <strong>Unit\u00e9 Douleur<\/strong> blends the weight of post-metal with shoegaze textures into an intense, heavy and melancholic sound, while retaining an alternative rock backbone.<\/p>\n\n\n\n<p>Dino&#8217;s lyrics are deeply personal and come straight from his (more or less digested) experiences. Pain, hope and recovery are explored in each track as steps on a ladder to rebuilding one&#8217;s self.<\/p>\n\n\n\n<p>After a debut EP (&#8220;<strong><em>Below Zero<\/em><\/strong>&#8220;) in November 2025, <strong>Unit\u00e9 Douleur<\/strong> now releases its follow-up &#8220;<strong><em>Pollen Haze<\/em><\/strong>&#8220;, just in time to celebrate the vernal equinox.<\/p>\n<\/div>\n<\/div>\n\n\n\n<p><\/p>\n<\/div>\n\n\n\n<div class=\"wp-block-group is-layout-grid wp-container-core-group-is-layout-baef362d wp-block-group-is-layout-grid\">\n<figure class=\"wp-block-image size-large\"><img loading=\"lazy\" decoding=\"async\" width=\"1024\" height=\"907\" src=\"https:\/\/unitedouleur.com\/wp-content\/uploads\/2026\/03\/pollenhaze140_600dpi-1024x907.png\" alt=\"\" class=\"wp-image-253\" srcset=\"https:\/\/unitedouleur.com\/wp-content\/uploads\/2026\/03\/pollenhaze140_600dpi-1024x907.png 1024w, https:\/\/unitedouleur.com\/wp-content\/uploads\/2026\/03\/pollenhaze140_600dpi-300x266.png 300w, https:\/\/unitedouleur.com\/wp-content\/uploads\/2026\/03\/pollenhaze140_600dpi-768x680.png 768w, https:\/\/unitedouleur.com\/wp-content\/uploads\/2026\/03\/pollenhaze140_600dpi-1536x1360.png 1536w, https:\/\/unitedouleur.com\/wp-content\/uploads\/2026\/03\/pollenhaze140_600dpi-2048x1814.png 2048w\" sizes=\"auto, (max-width: 767px) 89vw, (max-width: 1000px) 54vw, (max-width: 1071px) 543px, 580px\" \/><\/figure>\n\n\n\n<p><\/p>\n\n\n\n<figure class=\"wp-block-image size-large\"><img loading=\"lazy\" decoding=\"async\" width=\"1024\" height=\"907\" src=\"https:\/\/unitedouleur.com\/wp-content\/uploads\/2026\/03\/belowzero140_600dpi-1024x907.png\" alt=\"\" class=\"wp-image-252\" srcset=\"https:\/\/unitedouleur.com\/wp-content\/uploads\/2026\/03\/belowzero140_600dpi-1024x907.png 1024w, https:\/\/unitedouleur.com\/wp-content\/uploads\/2026\/03\/belowzero140_600dpi-300x266.png 300w, https:\/\/unitedouleur.com\/wp-content\/uploads\/2026\/03\/belowzero140_600dpi-768x680.png 768w, https:\/\/unitedouleur.com\/wp-content\/uploads\/2026\/03\/belowzero140_600dpi-1536x1360.png 1536w, https:\/\/unitedouleur.com\/wp-content\/uploads\/2026\/03\/belowzero140_600dpi-2048x1814.png 2048w\" sizes=\"auto, (max-width: 767px) 89vw, (max-width: 1000px) 54vw, (max-width: 1071px) 543px, 580px\" \/><\/figure>\n<\/div>\n","protected":false},"excerpt":{"rendered":"<p>\/\/find us\/\/ \/\/liquid stone music video\/\/ \/\/pollen haze\/\/ Pollen Haze by Unit\u00e9 Douleur \/\/below zero\/\/ Below Zero by Unit\u00e9 Douleur \/\/bio\/\/ [fr] Bas\u00e9 \u00e0 Caen, en France, Unit\u00e9 Douleur voit le jour en novembre 2024 lorsque le chanteur\/guitariste Dino Van Bedt s\u2019entoure du bassiste PA Grenier, du guitariste JF Hamel et de la batteuse Louise &hellip; <\/p>\n<p class=\"link-more\"><a href=\"https:\/\/unitedouleur.com\/\" class=\"more-link\">Continue reading<span class=\"screen-reader-text\"> &#8220;\/\/home\/\/&#8221;<\/span><\/a><\/p>\n","protected":false},"author":1,"featured_media":0,"parent":0,"menu_order":0,"comment_status":"closed","ping_status":"closed","template":"","meta":{"footnotes":""},"class_list":["post-37","page","type-page","status-publish","hentry"],"_links":{"self":[{"href":"https:\/\/unitedouleur.com\/index.php\/wp-json\/wp\/v2\/pages\/37","targetHints":{"allow":["GET"]}}],"collection":[{"href":"https:\/\/unitedouleur.com\/index.php\/wp-json\/wp\/v2\/pages"}],"about":[{"href":"https:\/\/unitedouleur.com\/index.php\/wp-json\/wp\/v2\/types\/page"}],"author":[{"embeddable":true,"href":"https:\/\/unitedouleur.com\/index.php\/wp-json\/wp\/v2\/users\/1"}],"replies":[{"embeddable":true,"href":"https:\/\/unitedouleur.com\/index.php\/wp-json\/wp\/v2\/comments?post=37"}],"version-history":[{"count":33,"href":"https:\/\/unitedouleur.com\/index.php\/wp-json\/wp\/v2\/pages\/37\/revisions"}],"predecessor-version":[{"id":258,"href":"https:\/\/unitedouleur.com\/index.php\/wp-json\/wp\/v2\/pages\/37\/revisions\/258"}],"wp:attachment":[{"href":"https:\/\/unitedouleur.com\/index.php\/wp-json\/wp\/v2\/media?parent=37"}],"curies":[{"name":"wp","href":"https:\/\/api.w.org\/{rel}","templated":true}]}}