{"id":70,"date":"2024-10-01T18:41:25","date_gmt":"2024-10-01T16:41:25","guid":{"rendered":"https:\/\/unitedouleur.com\/?page_id=70"},"modified":"2025-11-07T03:49:33","modified_gmt":"2025-11-07T02:49:33","slug":"notre-equipe-medicale","status":"publish","type":"page","link":"https:\/\/unitedouleur.com\/index.php\/notre-equipe-medicale\/","title":{"rendered":"\/\/staff\/\/"},"content":{"rendered":"\n<h2 class=\"wp-block-heading\">Dr. Dino Van Bedt<\/h2>\n\n\n\n<figure class=\"wp-block-image size-large\"><img loading=\"lazy\" decoding=\"async\" width=\"1024\" height=\"649\" src=\"https:\/\/unitedouleur.com\/wp-content\/uploads\/2025\/06\/IMG_2675tris-1024x649.jpg\" alt=\"\" class=\"wp-image-124\" srcset=\"https:\/\/unitedouleur.com\/wp-content\/uploads\/2025\/06\/IMG_2675tris-1024x649.jpg 1024w, https:\/\/unitedouleur.com\/wp-content\/uploads\/2025\/06\/IMG_2675tris-300x190.jpg 300w, https:\/\/unitedouleur.com\/wp-content\/uploads\/2025\/06\/IMG_2675tris-768x487.jpg 768w, https:\/\/unitedouleur.com\/wp-content\/uploads\/2025\/06\/IMG_2675tris-1536x973.jpg 1536w, https:\/\/unitedouleur.com\/wp-content\/uploads\/2025\/06\/IMG_2675tris-2048x1297.jpg 2048w\" sizes=\"auto, (max-width: 767px) 89vw, (max-width: 1000px) 54vw, (max-width: 1071px) 543px, 580px\" \/><\/figure>\n\n\n\n<p>Sp\u00e9cialiste en psychologie du vide et traitement des douleurs lombaires<\/p>\n\n\n\n<p>Exerce \u00e9galement dans : <a href=\"https:\/\/bearbrawler.bandcamp.com\/\">Bear Brawler<\/a>, <a href=\"https:\/\/cachalot.bandcamp.com\/\">Cachalot<\/a>, <a href=\"https:\/\/volcaniccircles.bandcamp.com\">Volcanic Circles<\/a> et <a href=\"https:\/\/dinovanbedt.bandcamp.com\/\">projets solo<\/a><\/p>\n\n\n\n<h2 class=\"wp-block-heading\">Dr. JF Hamel<\/h2>\n\n\n\n<figure class=\"wp-block-image size-large\"><img loading=\"lazy\" decoding=\"async\" width=\"1024\" height=\"673\" src=\"https:\/\/unitedouleur.com\/wp-content\/uploads\/2025\/06\/IMG_2705-1024x673.jpg\" alt=\"\" class=\"wp-image-120\" srcset=\"https:\/\/unitedouleur.com\/wp-content\/uploads\/2025\/06\/IMG_2705-1024x673.jpg 1024w, https:\/\/unitedouleur.com\/wp-content\/uploads\/2025\/06\/IMG_2705-300x197.jpg 300w, https:\/\/unitedouleur.com\/wp-content\/uploads\/2025\/06\/IMG_2705-768x505.jpg 768w, https:\/\/unitedouleur.com\/wp-content\/uploads\/2025\/06\/IMG_2705-1536x1009.jpg 1536w, https:\/\/unitedouleur.com\/wp-content\/uploads\/2025\/06\/IMG_2705-2048x1346.jpg 2048w\" sizes=\"auto, (max-width: 767px) 89vw, (max-width: 1000px) 54vw, (max-width: 1071px) 543px, 580px\" \/><\/figure>\n\n\n\n<p>Sp\u00e9cialiste en r\u00e9verb\u00e9ration cosmique et th\u00e9rapie par le cri primal<\/p>\n\n\n\n<p>Exerce \u00e9galement dans : <a href=\"https:\/\/splittree.bandcamp.com\/\">SpliT Tree<\/a><\/p>\n\n\n\n<h2 class=\"wp-block-heading\">Dr. PA Grenier<\/h2>\n\n\n\n<figure class=\"wp-block-image size-large\"><img loading=\"lazy\" decoding=\"async\" width=\"1024\" height=\"665\" src=\"https:\/\/unitedouleur.com\/wp-content\/uploads\/2025\/06\/IMG_2709-1024x665.jpg\" alt=\"\" class=\"wp-image-119\" srcset=\"https:\/\/unitedouleur.com\/wp-content\/uploads\/2025\/06\/IMG_2709-1024x665.jpg 1024w, https:\/\/unitedouleur.com\/wp-content\/uploads\/2025\/06\/IMG_2709-300x195.jpg 300w, https:\/\/unitedouleur.com\/wp-content\/uploads\/2025\/06\/IMG_2709-768x499.jpg 768w, https:\/\/unitedouleur.com\/wp-content\/uploads\/2025\/06\/IMG_2709-1536x998.jpg 1536w, https:\/\/unitedouleur.com\/wp-content\/uploads\/2025\/06\/IMG_2709-2048x1330.jpg 2048w\" sizes=\"auto, (max-width: 767px) 89vw, (max-width: 1000px) 54vw, (max-width: 1071px) 543px, 580px\" \/><\/figure>\n\n\n\n<p>Sp\u00e9cialiste en basses fr\u00e9quences et th\u00e9rapies vibratoires<\/p>\n\n\n\n<p>Exerce \u00e9galement dans : <a href=\"https:\/\/cachalot.bandcamp.com\/\">Cachalot<\/a><\/p>\n\n\n\n<h2 class=\"wp-block-heading\">Dr. Louise Niez<\/h2>\n\n\n\n<figure class=\"wp-block-image size-large\"><img loading=\"lazy\" decoding=\"async\" width=\"1024\" height=\"683\" src=\"https:\/\/unitedouleur.com\/wp-content\/uploads\/2025\/06\/IMG_2706-1024x683.jpg\" alt=\"\" class=\"wp-image-117\" srcset=\"https:\/\/unitedouleur.com\/wp-content\/uploads\/2025\/06\/IMG_2706-1024x683.jpg 1024w, https:\/\/unitedouleur.com\/wp-content\/uploads\/2025\/06\/IMG_2706-300x200.jpg 300w, https:\/\/unitedouleur.com\/wp-content\/uploads\/2025\/06\/IMG_2706-768x512.jpg 768w, https:\/\/unitedouleur.com\/wp-content\/uploads\/2025\/06\/IMG_2706-1536x1024.jpg 1536w, https:\/\/unitedouleur.com\/wp-content\/uploads\/2025\/06\/IMG_2706-2048x1365.jpg 2048w\" sizes=\"auto, (max-width: 767px) 89vw, (max-width: 1000px) 54vw, (max-width: 1071px) 543px, 580px\" \/><\/figure>\n\n\n\n<p>Sp\u00e9cialiste en th\u00e9rapies d&#8217;impact et hypnose rythmique<\/p>\n","protected":false},"excerpt":{"rendered":"<p>Dr. Dino Van Bedt Sp\u00e9cialiste en psychologie du vide et traitement des douleurs lombaires Exerce \u00e9galement dans : Bear Brawler, Cachalot, Volcanic Circles et projets solo Dr. JF Hamel Sp\u00e9cialiste en r\u00e9verb\u00e9ration cosmique et th\u00e9rapie par le cri primal Exerce \u00e9galement dans : SpliT Tree Dr. PA Grenier Sp\u00e9cialiste en basses fr\u00e9quences et th\u00e9rapies vibratoires &hellip; <\/p>\n<p class=\"link-more\"><a href=\"https:\/\/unitedouleur.com\/index.php\/notre-equipe-medicale\/\" class=\"more-link\">Continue reading<span class=\"screen-reader-text\"> &#8220;\/\/staff\/\/&#8221;<\/span><\/a><\/p>\n","protected":false},"author":1,"featured_media":0,"parent":0,"menu_order":0,"comment_status":"closed","ping_status":"closed","template":"","meta":{"footnotes":""},"class_list":["post-70","page","type-page","status-publish","hentry"],"_links":{"self":[{"href":"https:\/\/unitedouleur.com\/index.php\/wp-json\/wp\/v2\/pages\/70","targetHints":{"allow":["GET"]}}],"collection":[{"href":"https:\/\/unitedouleur.com\/index.php\/wp-json\/wp\/v2\/pages"}],"about":[{"href":"https:\/\/unitedouleur.com\/index.php\/wp-json\/wp\/v2\/types\/page"}],"author":[{"embeddable":true,"href":"https:\/\/unitedouleur.com\/index.php\/wp-json\/wp\/v2\/users\/1"}],"replies":[{"embeddable":true,"href":"https:\/\/unitedouleur.com\/index.php\/wp-json\/wp\/v2\/comments?post=70"}],"version-history":[{"count":6,"href":"https:\/\/unitedouleur.com\/index.php\/wp-json\/wp\/v2\/pages\/70\/revisions"}],"predecessor-version":[{"id":207,"href":"https:\/\/unitedouleur.com\/index.php\/wp-json\/wp\/v2\/pages\/70\/revisions\/207"}],"wp:attachment":[{"href":"https:\/\/unitedouleur.com\/index.php\/wp-json\/wp\/v2\/media?parent=70"}],"curies":[{"name":"wp","href":"https:\/\/api.w.org\/{rel}","templated":true}]}}